{"id":633,"date":"2024-08-23T21:17:24","date_gmt":"2024-08-23T21:17:24","guid":{"rendered":"https:\/\/ugip-tz.ba\/udruzenja-italijana\/udruzenje-gradana-italijanskog-porijekla-sarajevo-copy\/"},"modified":"2024-08-23T21:25:46","modified_gmt":"2024-08-23T21:25:46","slug":"okupljanja-udruzenja-italijana-u-bih","status":"publish","type":"page","link":"https:\/\/ugip-tz.ba\/en\/udruzenja-italijana\/okupljanja-udruzenja-italijana-u-bih\/","title":{"rendered":"Okupljanja Udru\u017eenja Italijana U Bih"},"content":{"rendered":"<div data-elementor-type=\"wp-page\" data-elementor-id=\"633\" class=\"elementor elementor-633\" data-elementor-post-type=\"page\">\n\t\t\t\t<div class=\"elementor-element elementor-element-fcb611f e-flex e-con-boxed e-con e-parent\" data-id=\"fcb611f\" data-element_type=\"container\" data-e-type=\"container\">\n\t\t\t\t\t<div class=\"e-con-inner\">\n\t\t<div class=\"elementor-element elementor-element-72bf2ee e-grid e-con-boxed e-con e-child\" data-id=\"72bf2ee\" data-element_type=\"container\" data-e-type=\"container\">\n\t\t\t\t\t<div class=\"e-con-inner\">\n\t\t<div class=\"elementor-element elementor-element-fdaf2cb e-flex e-con-boxed e-con e-child\" data-id=\"fdaf2cb\" data-element_type=\"container\" data-e-type=\"container\">\n\t\t\t\t\t<div class=\"e-con-inner\">\n\t\t\t\t<div class=\"elementor-element elementor-element-a1b723b elementor-widget elementor-widget-text-editor\" data-id=\"a1b723b\" data-element_type=\"widget\" data-e-type=\"widget\" data-widget_type=\"text-editor.default\">\n\t\t\t\t<div class=\"elementor-widget-container\">\n\t\t\t\t\t\t\t\t\t<p><strong>GATHERINGS OF ASSOCIATIONS OF ITALIANS IN BIH:<br \/><br \/>THE FIRST GATHERING IN LIVO IN 2008<br \/><\/strong><\/p><p>The first gathering of Italian associations from BiH was organized in Livno (Hotel Dinara 27-29.3.2008), during which a framework strategy for joint action was defined, which was realized in the later years of the work of all associations. The participants were representatives of associations from Banja Luka, Sarajevo, \u0160tivore and Tuzla, and there were also Italians from Zenica, a city where there is no established association of Italians.<\/p>\t\t\t\t\t\t\t\t<\/div>\n\t\t\t\t<\/div>\n\t\t\t\t<div class=\"elementor-element elementor-element-45ba23b gallery-spacing-custom elementor-widget elementor-widget-image-gallery\" data-id=\"45ba23b\" data-element_type=\"widget\" data-e-type=\"widget\" data-widget_type=\"image-gallery.default\">\n\t\t\t\t<div class=\"elementor-widget-container\">\n\t\t\t\t\t\t\t<div class=\"elementor-image-gallery\">\n\t\t\t<div id='gallery-1' class='gallery galleryid-633 gallery-columns-1 gallery-size-full'><figure class='gallery-item'>\n\t\t\t<div class='gallery-icon landscape'>\n\t\t\t\t<a data-elementor-open-lightbox=\"yes\" data-elementor-lightbox-slideshow=\"45ba23b\" data-elementor-lightbox-title=\"6\" data-e-action-hash=\"#elementor-action%3Aaction%3Dlightbox%26settings%3DeyJpZCI6NjQ0LCJ1cmwiOiJodHRwczpcL1wvdWdpcC10ei5iYVwvd3AtY29udGVudFwvdXBsb2Fkc1wvMjAyNFwvMDhcLzYuanBnIiwic2xpZGVzaG93IjoiNDViYTIzYiJ9\" href='https:\/\/ugip-tz.ba\/wp-content\/uploads\/2024\/08\/6.jpg'><img fetchpriority=\"high\" decoding=\"async\" width=\"448\" height=\"336\" src=\"https:\/\/ugip-tz.ba\/wp-content\/uploads\/2024\/08\/6.jpg\" class=\"attachment-full size-full\" alt=\"\" srcset=\"https:\/\/ugip-tz.ba\/wp-content\/uploads\/2024\/08\/6.jpg 448w, https:\/\/ugip-tz.ba\/wp-content\/uploads\/2024\/08\/6-300x225.jpg 300w\" sizes=\"(max-width: 448px) 100vw, 448px\" \/><\/a>\n\t\t\t<\/div><\/figure>\n\t\t<\/div>\n\t\t<\/div>\n\t\t\t\t\t\t<\/div>\n\t\t\t\t<\/div>\n\t\t\t\t<div class=\"elementor-element elementor-element-58beaed elementor-widget elementor-widget-text-editor\" data-id=\"58beaed\" data-element_type=\"widget\" data-e-type=\"widget\" data-widget_type=\"text-editor.default\">\n\t\t\t\t<div class=\"elementor-widget-container\">\n\t\t\t\t\t\t\t\t\t<p><strong>ASSOCIATION MEETING IN \u0160TIVOR IN 2008<\/strong><\/p><p>The meeting of the BiH Association of Italians was held on August 23, 2008. in \u0160tivor. In addition to guests from the province of Trento, and representatives of the OSCE, the session was attended by representatives of the Association of Italians in Tuzla, Sarajevo, Banja Luka and the hosts, the Association of Italians \u0160tivor. On this occasion, too, various issues faced by certain associations were discussed, but the priority was on the issues of the proposal of the Law on National Minorities in BiH, where certain proposals and conclusions were made, as well as the regular, unavoidable topic of preserving and improving good relations between associations in BiH. In the conversation with the guests from Italy, they exchanged opinions and experiences about the cooperation so far and expressed the desire and need for stronger cooperation with the home country. Like the previous ones, this session was held in the spirit of understanding, tolerance and good mood among the participants.<\/p>\t\t\t\t\t\t\t\t<\/div>\n\t\t\t\t<\/div>\n\t\t\t\t<div class=\"elementor-element elementor-element-0811192 elementor-widget elementor-widget-text-editor\" data-id=\"0811192\" data-element_type=\"widget\" data-e-type=\"widget\" data-widget_type=\"text-editor.default\">\n\t\t\t\t<div class=\"elementor-widget-container\">\n\t\t\t\t\t\t\t\t\t<p><strong>MEETING OF THE ASSOCIATION OF ITALIANS FROM BIH IN BANJA LUCA IN 2010<\/strong><\/p><p>The meeting of all Italian associations of Bosnia and Herzegovina was held on November 13, 2010. in Banja Luka, which was organized to look at the possibilities of improving cooperation with the Embassy of Italy in Bosnia and Herzegovina, considering that the Embassy does not financially support the initiatives and activities implemented by the associations. They also discussed the need for improvement and joint cooperation between the four associations with a special emphasis on the cooperation of members, exchange of information from the level of the Council \/ Council of National Minorities, future activities of the association, potential joint projects of Italian associations in BiH and others.<\/p>\t\t\t\t\t\t\t\t<\/div>\n\t\t\t\t<\/div>\n\t\t\t\t<div class=\"elementor-element elementor-element-62a5de0 gallery-spacing-custom elementor-widget elementor-widget-image-gallery\" data-id=\"62a5de0\" data-element_type=\"widget\" data-e-type=\"widget\" data-widget_type=\"image-gallery.default\">\n\t\t\t\t<div class=\"elementor-widget-container\">\n\t\t\t\t\t\t\t<div class=\"elementor-image-gallery\">\n\t\t\t<div id='gallery-2' class='gallery galleryid-633 gallery-columns-1 gallery-size-full'><figure class='gallery-item'>\n\t\t\t<div class='gallery-icon landscape'>\n\t\t\t\t<a data-elementor-open-lightbox=\"yes\" data-elementor-lightbox-slideshow=\"62a5de0\" data-elementor-lightbox-title=\"66\" data-e-action-hash=\"#elementor-action%3Aaction%3Dlightbox%26settings%3DeyJpZCI6NjQzLCJ1cmwiOiJodHRwczpcL1wvdWdpcC10ei5iYVwvd3AtY29udGVudFwvdXBsb2Fkc1wvMjAyNFwvMDhcLzY2LmpwZyIsInNsaWRlc2hvdyI6IjYyYTVkZTAifQ%3D%3D\" href='https:\/\/ugip-tz.ba\/wp-content\/uploads\/2024\/08\/66.jpg'><img decoding=\"async\" width=\"408\" height=\"306\" src=\"https:\/\/ugip-tz.ba\/wp-content\/uploads\/2024\/08\/66.jpg\" class=\"attachment-full size-full\" alt=\"\" srcset=\"https:\/\/ugip-tz.ba\/wp-content\/uploads\/2024\/08\/66.jpg 408w, https:\/\/ugip-tz.ba\/wp-content\/uploads\/2024\/08\/66-300x225.jpg 300w\" sizes=\"(max-width: 408px) 100vw, 408px\" \/><\/a>\n\t\t\t<\/div><\/figure>\n\t\t<\/div>\n\t\t<\/div>\n\t\t\t\t\t\t<\/div>\n\t\t\t\t<\/div>\n\t\t\t\t<div class=\"elementor-element elementor-element-99adbba elementor-widget elementor-widget-text-editor\" data-id=\"99adbba\" data-element_type=\"widget\" data-e-type=\"widget\" data-widget_type=\"text-editor.default\">\n\t\t\t\t<div class=\"elementor-widget-container\">\n\t\t\t\t\t\t\t\t\t<p><strong>MEETING AT THE ITALIAN EMBASSY IN SARAJEVO ON FEBRUARY 7, 2011<\/strong><\/p><p>On February 7, 2011, at the initiative of the Embassy of Italy in BiH, and as a response to the Platform of four associations, which was adopted at the meeting in Banja Luka on November 13, 2011. year, a meeting of four associations of Italians in Bosnia and Herzegovina was held with representatives of the Embassy. The aim of the meeting is to establish better relations between the Embassy and the Association, and to familiarize the Embassy with the activities of all four associations. Association delegations were represented by two members each (president and one member). The meeting was led by Dott.ssa. Alessandra Moschitta - the second secretary of the embassy, and also present were the cultural attach\u00e9 and lecturer of the Italian language at the Faculty of Philosophy, Prof. Daniele Onori and Consul Oriett<br \/>One of the results of the meeting with the embassy was the invitation of the embassy to celebrate the 150th anniversary of the unification of Italy, where all the presidents of the association of Italians in Bosnia and Herzegovina were invited.<br \/><br \/>At the end of the meeting, it was concluded that minutes will be drawn up on the occasion of the meeting at the Embassy, and that they will be delivered to all associations. To date, the embassy has not done that.<\/p>\t\t\t\t\t\t\t\t<\/div>\n\t\t\t\t<\/div>\n\t\t\t\t<div class=\"elementor-element elementor-element-b0fdf2d gallery-spacing-custom elementor-widget elementor-widget-image-gallery\" data-id=\"b0fdf2d\" data-element_type=\"widget\" data-e-type=\"widget\" data-widget_type=\"image-gallery.default\">\n\t\t\t\t<div class=\"elementor-widget-container\">\n\t\t\t\t\t\t\t<div class=\"elementor-image-gallery\">\n\t\t\t<div id='gallery-3' class='gallery galleryid-633 gallery-columns-1 gallery-size-full'><figure class='gallery-item'>\n\t\t\t<div class='gallery-icon landscape'>\n\t\t\t\t<a data-elementor-open-lightbox=\"yes\" data-elementor-lightbox-slideshow=\"b0fdf2d\" data-elementor-lightbox-title=\"666\" data-e-action-hash=\"#elementor-action%3Aaction%3Dlightbox%26settings%3DeyJpZCI6NjQyLCJ1cmwiOiJodHRwczpcL1wvdWdpcC10ei5iYVwvd3AtY29udGVudFwvdXBsb2Fkc1wvMjAyNFwvMDhcLzY2Ni5qcGciLCJzbGlkZXNob3ciOiJiMGZkZjJkIn0%3D\" href='https:\/\/ugip-tz.ba\/wp-content\/uploads\/2024\/08\/666.jpg'><img decoding=\"async\" width=\"489\" height=\"366\" src=\"https:\/\/ugip-tz.ba\/wp-content\/uploads\/2024\/08\/666.jpg\" class=\"attachment-full size-full\" alt=\"\" srcset=\"https:\/\/ugip-tz.ba\/wp-content\/uploads\/2024\/08\/666.jpg 489w, https:\/\/ugip-tz.ba\/wp-content\/uploads\/2024\/08\/666-300x225.jpg 300w\" sizes=\"(max-width: 489px) 100vw, 489px\" \/><\/a>\n\t\t\t<\/div><\/figure>\n\t\t<\/div>\n\t\t<\/div>\n\t\t\t\t\t\t<\/div>\n\t\t\t\t<\/div>\n\t\t\t\t<div class=\"elementor-element elementor-element-701e8bf elementor-widget elementor-widget-text-editor\" data-id=\"701e8bf\" data-element_type=\"widget\" data-e-type=\"widget\" data-widget_type=\"text-editor.default\">\n\t\t\t\t<div class=\"elementor-widget-container\">\n\t\t\t\t\t\t\t\t\t<p><strong>PARTICIPATION IN THE CELEBRATION OF 130 YEARS OF THE ARRIVAL OF ITALIANS IN BIH<\/strong><\/p><p>In commemorating the 130th year of the arrival of the Italians, the association of Italians from \u0160tivor took over the key organization because the event took place on 23.6.2012. in \u0160tivor and Prnjavor, in the area of activity of the association. Other associations contributed by presenting their presence and activities in Bosnia and Herzegovina, as well as appropriate speeches by association representatives about the association&#039;s work in \u0160tivor, Sarajevo, Banja Luka and Tuzla. Larger groups of members of the association came by bus, and the members attended the solemn mass in the church in \u0160tivor, were at the ceremonial lunch, and later at the central meeting in the House of Culture in Prnjavor. On the occasion of the event, a suitable ceramic medallion was made, four unified panels were made with photos of Italians from each association, and the association from \u0160tivor provided special gifts for the officials and guests. The event was covered by the media, and a large number of articles about the event were published.<\/p>\t\t\t\t\t\t\t\t<\/div>\n\t\t\t\t<\/div>\n\t\t\t\t<div class=\"elementor-element elementor-element-0db9c0f gallery-spacing-custom elementor-widget elementor-widget-image-gallery\" data-id=\"0db9c0f\" data-element_type=\"widget\" data-e-type=\"widget\" data-widget_type=\"image-gallery.default\">\n\t\t\t\t<div class=\"elementor-widget-container\">\n\t\t\t\t\t\t\t<div class=\"elementor-image-gallery\">\n\t\t\t<div id='gallery-4' class='gallery galleryid-633 gallery-columns-3 gallery-size-full'><figure class='gallery-item'>\n\t\t\t<div class='gallery-icon landscape'>\n\t\t\t\t<a data-elementor-open-lightbox=\"yes\" data-elementor-lightbox-slideshow=\"0db9c0f\" data-elementor-lightbox-title=\"6666\" data-e-action-hash=\"#elementor-action%3Aaction%3Dlightbox%26settings%3DeyJpZCI6NjQxLCJ1cmwiOiJodHRwczpcL1wvdWdpcC10ei5iYVwvd3AtY29udGVudFwvdXBsb2Fkc1wvMjAyNFwvMDhcLzY2NjYuanBnIiwic2xpZGVzaG93IjoiMGRiOWMwZiJ9\" href='https:\/\/ugip-tz.ba\/wp-content\/uploads\/2024\/08\/6666.jpg'><img loading=\"lazy\" decoding=\"async\" width=\"264\" height=\"264\" src=\"https:\/\/ugip-tz.ba\/wp-content\/uploads\/2024\/08\/6666.jpg\" class=\"attachment-full size-full\" alt=\"\" srcset=\"https:\/\/ugip-tz.ba\/wp-content\/uploads\/2024\/08\/6666.jpg 264w, https:\/\/ugip-tz.ba\/wp-content\/uploads\/2024\/08\/6666-150x150.jpg 150w\" sizes=\"(max-width: 264px) 100vw, 264px\" \/><\/a>\n\t\t\t<\/div><\/figure><figure class='gallery-item'>\n\t\t\t<div class='gallery-icon landscape'>\n\t\t\t\t<a data-elementor-open-lightbox=\"yes\" data-elementor-lightbox-slideshow=\"0db9c0f\" data-elementor-lightbox-title=\"66666\" data-e-action-hash=\"#elementor-action%3Aaction%3Dlightbox%26settings%3DeyJpZCI6NjQwLCJ1cmwiOiJodHRwczpcL1wvdWdpcC10ei5iYVwvd3AtY29udGVudFwvdXBsb2Fkc1wvMjAyNFwvMDhcLzY2NjY2LmpwZyIsInNsaWRlc2hvdyI6IjBkYjljMGYifQ%3D%3D\" href='https:\/\/ugip-tz.ba\/wp-content\/uploads\/2024\/08\/66666.jpg'><img loading=\"lazy\" decoding=\"async\" width=\"337\" height=\"241\" src=\"https:\/\/ugip-tz.ba\/wp-content\/uploads\/2024\/08\/66666.jpg\" class=\"attachment-full size-full\" alt=\"\" srcset=\"https:\/\/ugip-tz.ba\/wp-content\/uploads\/2024\/08\/66666.jpg 337w, https:\/\/ugip-tz.ba\/wp-content\/uploads\/2024\/08\/66666-300x215.jpg 300w\" sizes=\"(max-width: 337px) 100vw, 337px\" \/><\/a>\n\t\t\t<\/div><\/figure><figure class='gallery-item'>\n\t\t\t<div class='gallery-icon landscape'>\n\t\t\t\t<a data-elementor-open-lightbox=\"yes\" data-elementor-lightbox-slideshow=\"0db9c0f\" data-elementor-lightbox-title=\"666666\" data-e-action-hash=\"#elementor-action%3Aaction%3Dlightbox%26settings%3DeyJpZCI6NjM5LCJ1cmwiOiJodHRwczpcL1wvdWdpcC10ei5iYVwvd3AtY29udGVudFwvdXBsb2Fkc1wvMjAyNFwvMDhcLzY2NjY2Ni5qcGciLCJzbGlkZXNob3ciOiIwZGI5YzBmIn0%3D\" href='https:\/\/ugip-tz.ba\/wp-content\/uploads\/2024\/08\/666666.jpg'><img loading=\"lazy\" decoding=\"async\" width=\"378\" height=\"282\" src=\"https:\/\/ugip-tz.ba\/wp-content\/uploads\/2024\/08\/666666.jpg\" class=\"attachment-full size-full\" alt=\"\" srcset=\"https:\/\/ugip-tz.ba\/wp-content\/uploads\/2024\/08\/666666.jpg 378w, https:\/\/ugip-tz.ba\/wp-content\/uploads\/2024\/08\/666666-300x224.jpg 300w\" sizes=\"(max-width: 378px) 100vw, 378px\" \/><\/a>\n\t\t\t<\/div><\/figure>\n\t\t<\/div>\n\t\t<\/div>\n\t\t\t\t\t\t<\/div>\n\t\t\t\t<\/div>\n\t\t\t\t\t<\/div>\n\t\t\t\t<\/div>\n\t\t\t\t\t<\/div>\n\t\t\t\t<\/div>\n\t\t\t\t\t<\/div>\n\t\t\t\t<\/div>\n\t\t\t\t<\/div>","protected":false},"excerpt":{"rendered":"<p>OKUPLJANJA UDRU\u017dENJA ITALIJANA U BIH : PRVO OKUPLJANJE U LIVNU 2008. GODINE Prvo okupljanje italijanskih udru\u017eenja iz BiH organizovano je u Livnu (Hotel Dinara 27-29.3.2008), tokom kojeg je definisana okvirna strategija zajedni\u010dkog djelovanja, \u0161to se i realizovalo u kasnijim godinama rada svih udru\u017eenja. U\u010desnici su bili predstavnici udru\u017eenje iz Banja Luke, Sarajeva, \u0160tivora i Tuzle, [&hellip;]<\/p>\n","protected":false},"author":1,"featured_media":0,"parent":569,"menu_order":4,"comment_status":"closed","ping_status":"closed","template":"","meta":{"footnotes":""},"class_list":["post-633","page","type-page","status-publish","hentry"],"_links":{"self":[{"href":"https:\/\/ugip-tz.ba\/en\/wp-json\/wp\/v2\/pages\/633","targetHints":{"allow":["GET"]}}],"collection":[{"href":"https:\/\/ugip-tz.ba\/en\/wp-json\/wp\/v2\/pages"}],"about":[{"href":"https:\/\/ugip-tz.ba\/en\/wp-json\/wp\/v2\/types\/page"}],"author":[{"embeddable":true,"href":"https:\/\/ugip-tz.ba\/en\/wp-json\/wp\/v2\/users\/1"}],"replies":[{"embeddable":true,"href":"https:\/\/ugip-tz.ba\/en\/wp-json\/wp\/v2\/comments?post=633"}],"version-history":[{"count":4,"href":"https:\/\/ugip-tz.ba\/en\/wp-json\/wp\/v2\/pages\/633\/revisions"}],"predecessor-version":[{"id":647,"href":"https:\/\/ugip-tz.ba\/en\/wp-json\/wp\/v2\/pages\/633\/revisions\/647"}],"up":[{"embeddable":true,"href":"https:\/\/ugip-tz.ba\/en\/wp-json\/wp\/v2\/pages\/569"}],"wp:attachment":[{"href":"https:\/\/ugip-tz.ba\/en\/wp-json\/wp\/v2\/media?parent=633"}],"curies":[{"name":"wp","href":"https:\/\/api.w.org\/{rel}","templated":true}]}}